{"id":227,"date":"2022-06-12T15:20:34","date_gmt":"2022-06-12T13:20:34","guid":{"rendered":"http:\/\/medecinetraditionnelle-toulouse.fr\/?page_id=227"},"modified":"2026-02-23T19:17:35","modified_gmt":"2026-02-23T18:17:35","slug":"herboristerie","status":"publish","type":"page","link":"https:\/\/medecinetraditionnelle-toulouse.fr\/index.php\/herboristerie\/","title":{"rendered":"Herboristerie"},"content":{"rendered":"\n<p>Proposition de compositions sur mesure en fonction de votre terrain , vos traitements en cours ainsi que vos ant\u00e9c\u00e9dents.<\/p>\n\n\n\n<p>Afin d&#8217;optimiser&nbsp;le soin en \u00e9nerg\u00e9tique pr\u00e9alablement effectu\u00e9 et d&#8217;avoir&nbsp;un soutien pour permettre un r\u00e9\u00e9quilibrage&nbsp;par l&#8217;interne et de vous proposer&nbsp;un&nbsp; accompagnement sur le plus long court.&nbsp;<\/p>\n\n\n\n<figure class=\"wp-block-image size-medium\"><img loading=\"lazy\" decoding=\"async\" width=\"225\" height=\"300\" src=\"https:\/\/medecinetraditionnelle-toulouse.fr\/wp-content\/uploads\/2026\/02\/IMG-20231106-WA0051-225x300.jpg\" alt=\"\" class=\"wp-image-292\" srcset=\"https:\/\/medecinetraditionnelle-toulouse.fr\/wp-content\/uploads\/2026\/02\/IMG-20231106-WA0051-225x300.jpg 225w, https:\/\/medecinetraditionnelle-toulouse.fr\/wp-content\/uploads\/2026\/02\/IMG-20231106-WA0051-768x1024.jpg 768w, https:\/\/medecinetraditionnelle-toulouse.fr\/wp-content\/uploads\/2026\/02\/IMG-20231106-WA0051-1152x1536.jpg 1152w, https:\/\/medecinetraditionnelle-toulouse.fr\/wp-content\/uploads\/2026\/02\/IMG-20231106-WA0051.jpg 1536w\" sizes=\"auto, (max-width: 225px) 100vw, 225px\" \/><\/figure>\n\n\n\n<figure class=\"wp-block-image size-medium\"><img loading=\"lazy\" decoding=\"async\" width=\"225\" height=\"300\" src=\"https:\/\/medecinetraditionnelle-toulouse.fr\/wp-content\/uploads\/2026\/02\/IMG-20231106-WA0043-225x300.jpg\" alt=\"\" class=\"wp-image-294\" srcset=\"https:\/\/medecinetraditionnelle-toulouse.fr\/wp-content\/uploads\/2026\/02\/IMG-20231106-WA0043-225x300.jpg 225w, https:\/\/medecinetraditionnelle-toulouse.fr\/wp-content\/uploads\/2026\/02\/IMG-20231106-WA0043-768x1024.jpg 768w, https:\/\/medecinetraditionnelle-toulouse.fr\/wp-content\/uploads\/2026\/02\/IMG-20231106-WA0043-1152x1536.jpg 1152w, https:\/\/medecinetraditionnelle-toulouse.fr\/wp-content\/uploads\/2026\/02\/IMG-20231106-WA0043.jpg 1536w\" sizes=\"auto, (max-width: 225px) 100vw, 225px\" \/><\/figure>\n","protected":false},"excerpt":{"rendered":"<p>Proposition de compositions sur mesure en fonction de votre terrain , vos traitements en cours ainsi que vos ant\u00e9c\u00e9dents. Afin d&#8217;optimiser&nbsp;le soin en \u00e9nerg\u00e9tique pr\u00e9alablement effectu\u00e9 et d&#8217;avoir&nbsp;un soutien pour permettre un r\u00e9\u00e9quilibrage&nbsp;par l&#8217;interne et de vous proposer&nbsp;un&nbsp; accompagnement sur<\/p>\n","protected":false},"author":1,"featured_media":0,"parent":0,"menu_order":0,"comment_status":"closed","ping_status":"closed","template":"","meta":{"footnotes":""},"class_list":["post-227","page","type-page","status-publish","hentry"],"_links":{"self":[{"href":"https:\/\/medecinetraditionnelle-toulouse.fr\/index.php\/wp-json\/wp\/v2\/pages\/227","targetHints":{"allow":["GET"]}}],"collection":[{"href":"https:\/\/medecinetraditionnelle-toulouse.fr\/index.php\/wp-json\/wp\/v2\/pages"}],"about":[{"href":"https:\/\/medecinetraditionnelle-toulouse.fr\/index.php\/wp-json\/wp\/v2\/types\/page"}],"author":[{"embeddable":true,"href":"https:\/\/medecinetraditionnelle-toulouse.fr\/index.php\/wp-json\/wp\/v2\/users\/1"}],"replies":[{"embeddable":true,"href":"https:\/\/medecinetraditionnelle-toulouse.fr\/index.php\/wp-json\/wp\/v2\/comments?post=227"}],"version-history":[{"count":4,"href":"https:\/\/medecinetraditionnelle-toulouse.fr\/index.php\/wp-json\/wp\/v2\/pages\/227\/revisions"}],"predecessor-version":[{"id":295,"href":"https:\/\/medecinetraditionnelle-toulouse.fr\/index.php\/wp-json\/wp\/v2\/pages\/227\/revisions\/295"}],"wp:attachment":[{"href":"https:\/\/medecinetraditionnelle-toulouse.fr\/index.php\/wp-json\/wp\/v2\/media?parent=227"}],"curies":[{"name":"wp","href":"https:\/\/api.w.org\/{rel}","templated":true}]}}