{"id":243,"date":"2023-05-10T20:57:15","date_gmt":"2023-05-10T18:57:15","guid":{"rendered":"http:\/\/medecinetraditionnelle-toulouse.fr\/?page_id=243"},"modified":"2023-05-10T20:57:16","modified_gmt":"2023-05-10T18:57:16","slug":"reboutement","status":"publish","type":"page","link":"https:\/\/medecinetraditionnelle-toulouse.fr\/index.php\/reboutement\/","title":{"rendered":"Reboutement"},"content":{"rendered":"\n<p>Form\u00e9e par Christian Weibel en septembre 2022.<br>Techniques ancestrales, le rebouteux est bien connu dans les &#8220;campagnes&#8221; pour son habilit\u00e9 \u00e0 remettre en place les nerfs &#8220;froiss\u00e9s&#8221;, les tendons, les ligaments, \u00e0 d\u00e9nouer les muscles, agir sur les foulures et articulations d\u00e9mises. Soulager diff\u00e9rents blocages, \u00e9paules, dos, cervicales&#8230;<\/p>\n","protected":false},"excerpt":{"rendered":"<p>Form\u00e9e par Christian Weibel en septembre 2022.Techniques ancestrales, le rebouteux est bien connu dans les &#8220;campagnes&#8221; pour son habilit\u00e9 \u00e0 remettre en place les nerfs &#8220;froiss\u00e9s&#8221;, les tendons, les ligaments, \u00e0 d\u00e9nouer les muscles, agir sur les foulures et articulations<\/p>\n","protected":false},"author":1,"featured_media":0,"parent":0,"menu_order":0,"comment_status":"closed","ping_status":"closed","template":"","meta":{"footnotes":""},"class_list":["post-243","page","type-page","status-publish","hentry"],"_links":{"self":[{"href":"https:\/\/medecinetraditionnelle-toulouse.fr\/index.php\/wp-json\/wp\/v2\/pages\/243","targetHints":{"allow":["GET"]}}],"collection":[{"href":"https:\/\/medecinetraditionnelle-toulouse.fr\/index.php\/wp-json\/wp\/v2\/pages"}],"about":[{"href":"https:\/\/medecinetraditionnelle-toulouse.fr\/index.php\/wp-json\/wp\/v2\/types\/page"}],"author":[{"embeddable":true,"href":"https:\/\/medecinetraditionnelle-toulouse.fr\/index.php\/wp-json\/wp\/v2\/users\/1"}],"replies":[{"embeddable":true,"href":"https:\/\/medecinetraditionnelle-toulouse.fr\/index.php\/wp-json\/wp\/v2\/comments?post=243"}],"version-history":[{"count":1,"href":"https:\/\/medecinetraditionnelle-toulouse.fr\/index.php\/wp-json\/wp\/v2\/pages\/243\/revisions"}],"predecessor-version":[{"id":244,"href":"https:\/\/medecinetraditionnelle-toulouse.fr\/index.php\/wp-json\/wp\/v2\/pages\/243\/revisions\/244"}],"wp:attachment":[{"href":"https:\/\/medecinetraditionnelle-toulouse.fr\/index.php\/wp-json\/wp\/v2\/media?parent=243"}],"curies":[{"name":"wp","href":"https:\/\/api.w.org\/{rel}","templated":true}]}}