{"id":44,"date":"2020-10-01T10:02:50","date_gmt":"2020-10-01T08:02:50","guid":{"rendered":"http:\/\/medecinetraditionnelle-toulouse.fr\/?page_id=44"},"modified":"2026-02-23T13:39:34","modified_gmt":"2026-02-23T12:39:34","slug":"aromatherapie","status":"publish","type":"page","link":"https:\/\/medecinetraditionnelle-toulouse.fr\/index.php\/aromatherapie\/","title":{"rendered":"Aromath\u00e9rapie"},"content":{"rendered":"\n<figure class=\"wp-block-image size-large\"><img loading=\"lazy\" decoding=\"async\" width=\"400\" height=\"267\" src=\"https:\/\/medecinetraditionnelle-toulouse.fr\/wp-content\/uploads\/2020\/10\/aromatherapie.jpg\" alt=\"\" class=\"wp-image-142\" srcset=\"https:\/\/medecinetraditionnelle-toulouse.fr\/wp-content\/uploads\/2020\/10\/aromatherapie.jpg 400w, https:\/\/medecinetraditionnelle-toulouse.fr\/wp-content\/uploads\/2020\/10\/aromatherapie-300x200.jpg 300w\" sizes=\"auto, (max-width: 400px) 100vw, 400px\" \/><\/figure>\n\n\n\n<blockquote class=\"wp-block-quote is-layout-flow wp-block-quote-is-layout-flow\">\n<p><strong><span style=\"color:#27cda5\" class=\"has-inline-color\">Conseils personnalis\u00e9s en huiles essentielles<\/span><\/strong><\/p>\n<\/blockquote>\n\n\n\n<p>Pr\u00e9venir et traiter les petits maux du quotidien avec les huiles essentielles ch\u00e9motyp\u00e9es*.<br>Seule la connaissance du ch\u00e9motype peut \u00eatre la garantie d&#8217;une qualit\u00e9 th\u00e9rapeutique et d&#8217;une s\u00e9curit\u00e9 d&#8217;emploi d&#8217;une huile essentielle.<br><br><strong>Conseils aromath\u00e9rapie<\/strong> ( bilan personnalis\u00e9 )<br><br>*Le ch\u00e9motype est la d\u00e9nomination originale destin\u00e9e \u00e0 caract\u00e9riser une huile essentielle d&#8217;un point de vue botanique et biochimique.<\/p>\n","protected":false},"excerpt":{"rendered":"<p>Conseils personnalis\u00e9s en huiles essentielles Pr\u00e9venir et traiter les petits maux du quotidien avec les huiles essentielles ch\u00e9motyp\u00e9es*.Seule la connaissance du ch\u00e9motype peut \u00eatre la garantie d&#8217;une qualit\u00e9 th\u00e9rapeutique et d&#8217;une s\u00e9curit\u00e9 d&#8217;emploi d&#8217;une huile essentielle. Conseils aromath\u00e9rapie ( bilan<\/p>\n","protected":false},"author":1,"featured_media":0,"parent":0,"menu_order":0,"comment_status":"closed","ping_status":"closed","template":"","meta":{"footnotes":""},"class_list":["post-44","page","type-page","status-publish","hentry"],"_links":{"self":[{"href":"https:\/\/medecinetraditionnelle-toulouse.fr\/index.php\/wp-json\/wp\/v2\/pages\/44","targetHints":{"allow":["GET"]}}],"collection":[{"href":"https:\/\/medecinetraditionnelle-toulouse.fr\/index.php\/wp-json\/wp\/v2\/pages"}],"about":[{"href":"https:\/\/medecinetraditionnelle-toulouse.fr\/index.php\/wp-json\/wp\/v2\/types\/page"}],"author":[{"embeddable":true,"href":"https:\/\/medecinetraditionnelle-toulouse.fr\/index.php\/wp-json\/wp\/v2\/users\/1"}],"replies":[{"embeddable":true,"href":"https:\/\/medecinetraditionnelle-toulouse.fr\/index.php\/wp-json\/wp\/v2\/comments?post=44"}],"version-history":[{"count":17,"href":"https:\/\/medecinetraditionnelle-toulouse.fr\/index.php\/wp-json\/wp\/v2\/pages\/44\/revisions"}],"predecessor-version":[{"id":277,"href":"https:\/\/medecinetraditionnelle-toulouse.fr\/index.php\/wp-json\/wp\/v2\/pages\/44\/revisions\/277"}],"wp:attachment":[{"href":"https:\/\/medecinetraditionnelle-toulouse.fr\/index.php\/wp-json\/wp\/v2\/media?parent=44"}],"curies":[{"name":"wp","href":"https:\/\/api.w.org\/{rel}","templated":true}]}}