{"id":46,"date":"2020-10-01T10:06:44","date_gmt":"2020-10-01T08:06:44","guid":{"rendered":"http:\/\/medecinetraditionnelle-toulouse.fr\/?page_id=46"},"modified":"2026-02-23T17:46:01","modified_gmt":"2026-02-23T16:46:01","slug":"mon-cursus","status":"publish","type":"page","link":"https:\/\/medecinetraditionnelle-toulouse.fr\/index.php\/mon-cursus\/","title":{"rendered":"Mon cursus"},"content":{"rendered":"\n<figure class=\"wp-block-image size-large\"><img loading=\"lazy\" decoding=\"async\" width=\"100\" height=\"104\" src=\"http:\/\/medecinetraditionnelle-toulouse.fr\/wp-content\/uploads\/2020\/09\/picto-MTC.jpg\" alt=\"\" class=\"wp-image-20\"\/><\/figure>\n\n\n\n<blockquote class=\"wp-block-quote is-layout-flow wp-block-quote-is-layout-flow\">\n<p><strong><span style=\"color:#27cda5\" class=\"has-inline-color\">St\u00e9phanie Moro est praticienne dipl\u00f4m\u00e9e en M\u00e9decine Traditionnelle Chinoise de l\u2019Acad\u00e9mie de P\u00e9kin \u2013 FLETC-FNMTC<\/span><\/strong><\/p>\n<\/blockquote>\n\n\n\n<p><strong><a href=\"https:\/\/www.medecinetraditionnelle-toulouse.fr\/medecine-traditionnelle-chinoise\/?customize_changeset_uuid=edc78ca4-2d13-42e7-8061-662435c52a67&amp;customize_messenger_channel=preview-0\" target=\"_blank\" rel=\"noreferrer noopener\">M\u00e9decine Traditionnelle Chinoise<\/a><\/strong><br>Facult\u00e9 libre d\u2019Energ\u00e9tique Traditionnelle Chinoise FLETC<br>Acad\u00e9mie des sciences m\u00e9dicales de P\u00e9kin<br><strong><a href=\"https:\/\/www.medecinetraditionnelle-toulouse.fr\/beaute\/?customize_changeset_uuid=edc78ca4-2d13-42e7-8061-662435c52a67&amp;customize_messenger_channel=preview-0\" target=\"_blank\" rel=\"noreferrer noopener\">Sp\u00e9cialisation Beaut\u00e9 du visage et du corps \/ FLETC<\/a><\/strong><br>Dipl\u00f4m\u00e9e de la FLETC<br>DATC de la FNMTC<\/p>\n\n\n\n<p><strong><a href=\"https:\/\/www.medecinetraditionnelle-toulouse.fr\/modelage-cranien-champissage\/?customize_changeset_uuid=edc78ca4-2d13-42e7-8061-662435c52a67&amp;customize_messenger_channel=preview-0\" target=\"_blank\" rel=\"noreferrer noopener\">Modelage cr\u00e2nien<\/a><\/strong><br>Champissage Traditionnel Indien<br>Centre de r\u00e9flexologie de Midi-Pyr\u00e9n\u00e9es<br>Technique enseign\u00e9e du London Centre of Indian Champissage par Mr Narendra METTA<\/p>\n\n\n\n<p><strong><a href=\"https:\/\/www.medecinetraditionnelle-toulouse.fr\/aromatherapie\/?customize_changeset_uuid=edc78ca4-2d13-42e7-8061-662435c52a67&amp;customize_messenger_channel=preview-0\" target=\"_blank\" rel=\"noreferrer noopener\">Aromath\u00e9rapie<\/a><\/strong><br>Form\u00e9e par le professeur Dominique Baudoux, pharmacien, aromatologue, auteur et conf\u00e9rencier international<br>Laboratoire Pranarom<\/p>\n\n\n\n<p class=\"has-vivid-green-cyan-color has-text-color has-link-color wp-elements-528a964474b52c3f6420d99e38b005b1\"><strong>Herboristerie\/Phytoth\u00e9rapie<\/strong><\/p>\n\n\n\n<p>La d\u00e9couverte du monde v\u00e9g\u00e9tal \u00e0 d\u00e9but\u00e9\u00a0par l&#8217;apprentissage de l&#8217;aromath\u00e9rapie avec le\u00a0<strong>professeur Dominique Baudoux<\/strong>\u00a0en 2009.<\/p>\n\n\n\n<p>J&#8217;ai ensuite entam\u00e9 mon cursus \u00e0 la Facult\u00e9 libre d&#8217;\u00e9nerg\u00e9tique traditionnelle&nbsp;Chinoise, ce qui m&#8217;a permis de combiner ma passion pour les plantes et l&#8217;approche globale de &#8220;l&#8217;Humain&#8221;,qui restait&nbsp;en lien et en compl\u00e9ment avec la carri\u00e8re Science M\u00e9dico Sociale par laquelle j&#8217;avais d\u00e9marr\u00e9.<\/p>\n\n\n\n<p>j&#8217;ai trouv\u00e9 un \u00e9quilibre \u00e0 pouvoir combiner diff\u00e9rents savoirs \u00e0 travers les relations humaines et le monde v\u00e9g\u00e9tal sous diff\u00e9rentes formes (Aromath\u00e9rapie, Phytoth\u00e9rapie, Herboristerie &#8230;).<\/p>\n\n\n\n<p>Soif de d\u00e9couvertes ,curieuse de nature ,je participe r\u00e9guli\u00e8rement \u00e0 des formations en phytoth\u00e9rapie, micro nutrition etc.<\/p>\n\n\n\n<p>Dans la continuit\u00e9 de ma passion du v\u00e9g\u00e9tal et du vivant, j&#8217;ai rencontr\u00e9<strong>\u00a0Christophe Adell\u00a0<\/strong>, herboriste depuis 20 ans lors de ma premi\u00e8re formation en 2022.<\/p>\n\n\n\n<p>Ce fut une belle d\u00e9couverte, un \u00eatre\u00a0passionn\u00e9 et passionnant, riche de connaissances et g\u00e9n\u00e9reux dans la transmission de sa passion avec beaucoup de pr\u00e9cision et de justesse.<\/p>\n\n\n\n<p>Je poursuis un travail d&#8217;\u00e9change et de collaboration avec lui et son \u00e9quipe lors de vos compositions que je vous propose sur mesure, que ce soit des tisanes, g\u00e9lules, poudre de plantes&#8230;<\/p>\n\n\n\n<p><strong>Anne Mathon\u00a0<\/strong>: Formation en 2023 sur la &#8220;magie des plantes&#8221;).<\/p>\n\n\n\n<p>Immersion dans une approche diff\u00e9rente du subtil, plus sensorielle autour de moments d&#8217;exp\u00e9rimentation et de rencontre avec le monde v\u00e9g\u00e9tal.<\/p>\n\n\n\n<p>Cr\u00e9er une relation avec l&#8217;esprit de la plante par immersion (di\u00e8te, bain, tisane, d\u00e9coction, fumigation), transformation en sirop, mac\u00e9rats huileux, baumes, alcoolature, teinture\u00a0m\u00e8re ,bourgeons ;miel ,cueillette dans l&#8217;assiette &#8230;<\/p>\n\n\n\n<p><strong>Anne Vastel<\/strong>\u00a0Herboriste Qu\u00e9b\u00e9coise certifi\u00e9e : Formation\u00a0 en 2024: Les plantes m\u00e9dicinales Occidentales en lien avec la MTC et en cours une sp\u00e9cialisation sur une th\u00e9matique qui me tenait vraiment\u00a0\u00e0 coeur celle de la &#8220;femme&#8221;avec une sp\u00e9cialisation de la p\u00e9riode de la Pubert\u00e9 \u00e0 la m\u00e9nopause .<\/p>\n\n\n\n<p>&nbsp;Formation en cours P\u00e9ri M\u00e9nopause MTC et Plantes m\u00e9dicinales Occidentales<\/p>\n\n\n\n<p>Lors du bilan \u00e9nerg\u00e9tique fait en s\u00e9ance , je vous propose de combiner les soins \u00e9nerg\u00e9tiques (Acupuncture)avec des compositions ( tisanes, g\u00e9lules, poudres, d\u00e9coction, mac\u00e9rats&#8230; ) en lien avec ce dont votre corps \u00e9nerg\u00e9tique \u00e0 besoin pour r\u00e9harmoniser, r\u00e9guler votre terrain en tenant compte de vos traitements en cours et ant\u00e9c\u00e9dents.\u00a0<\/p>\n\n\n\n<p>Je rappelle que dans mon approche , je travaille en compl\u00e9mentarit\u00e9 et de ce fait&nbsp; mes soins ne remplacent pas une visite chez votre m\u00e9decin&nbsp;traitant .<\/p>\n","protected":false},"excerpt":{"rendered":"<p>St\u00e9phanie Moro est praticienne dipl\u00f4m\u00e9e en M\u00e9decine Traditionnelle Chinoise de l\u2019Acad\u00e9mie de P\u00e9kin \u2013 FLETC-FNMTC M\u00e9decine Traditionnelle ChinoiseFacult\u00e9 libre d\u2019Energ\u00e9tique Traditionnelle Chinoise FLETCAcad\u00e9mie des sciences m\u00e9dicales de P\u00e9kinSp\u00e9cialisation Beaut\u00e9 du visage et du corps \/ FLETCDipl\u00f4m\u00e9e de la FLETCDATC de<\/p>\n","protected":false},"author":1,"featured_media":0,"parent":0,"menu_order":0,"comment_status":"closed","ping_status":"closed","template":"","meta":{"footnotes":""},"class_list":["post-46","page","type-page","status-publish","hentry"],"_links":{"self":[{"href":"https:\/\/medecinetraditionnelle-toulouse.fr\/index.php\/wp-json\/wp\/v2\/pages\/46","targetHints":{"allow":["GET"]}}],"collection":[{"href":"https:\/\/medecinetraditionnelle-toulouse.fr\/index.php\/wp-json\/wp\/v2\/pages"}],"about":[{"href":"https:\/\/medecinetraditionnelle-toulouse.fr\/index.php\/wp-json\/wp\/v2\/types\/page"}],"author":[{"embeddable":true,"href":"https:\/\/medecinetraditionnelle-toulouse.fr\/index.php\/wp-json\/wp\/v2\/users\/1"}],"replies":[{"embeddable":true,"href":"https:\/\/medecinetraditionnelle-toulouse.fr\/index.php\/wp-json\/wp\/v2\/comments?post=46"}],"version-history":[{"count":8,"href":"https:\/\/medecinetraditionnelle-toulouse.fr\/index.php\/wp-json\/wp\/v2\/pages\/46\/revisions"}],"predecessor-version":[{"id":291,"href":"https:\/\/medecinetraditionnelle-toulouse.fr\/index.php\/wp-json\/wp\/v2\/pages\/46\/revisions\/291"}],"wp:attachment":[{"href":"https:\/\/medecinetraditionnelle-toulouse.fr\/index.php\/wp-json\/wp\/v2\/media?parent=46"}],"curies":[{"name":"wp","href":"https:\/\/api.w.org\/{rel}","templated":true}]}}