{"id":49,"date":"2020-10-01T10:10:10","date_gmt":"2020-10-01T08:10:10","guid":{"rendered":"http:\/\/medecinetraditionnelle-toulouse.fr\/?page_id=49"},"modified":"2026-02-03T16:31:04","modified_gmt":"2026-02-03T15:31:04","slug":"contact","status":"publish","type":"page","link":"https:\/\/medecinetraditionnelle-toulouse.fr\/index.php\/contact\/","title":{"rendered":"Contact"},"content":{"rendered":"\n<p>T\u00e9l\u00e9phone : <strong>06 59 85 17 76<\/strong><br>Mail : <a rel=\"noreferrer noopener\" href=\"mailto:stephaniemoro.mtc@gmail.com\" target=\"_blank\">stephaniemoro.mtc@gmail.com<\/a><\/p>\n\n\n\n<p><strong>Horaires d\u2019ouverture :<\/strong><\/p>\n\n\n\n<p><strong>Du lundi au samedi de 8h30 \u00e0 20h<br><\/strong>Sur rendez-vous uniquement<strong><br><\/strong><br>Adresse du cabinet<br>Nouvelle adresse depuis le 1er f\u00e9vrier :<br><strong>16, rue Gambetta<br>31330 <\/strong>GRENADE<\/p>\n\n\n\n<p>Je peux \u00e9galement me d\u00e9placer \u00e0 domicile ou en entreprise<\/p>\n\n\n\n<p><span style=\"color:#27cda5\" class=\"has-inline-color\"><strong>Pour toute annulation de RDV merci de pr\u00e9venir 48h \u00e0 l\u2019avance. Toute consultation prise et non honor\u00e9e sans justificatif ou raison urgente sera due.<\/strong><\/span><\/p>\n","protected":false},"excerpt":{"rendered":"<p>T\u00e9l\u00e9phone : 06 59 85 17 76Mail : stephaniemoro.mtc@gmail.com Horaires d\u2019ouverture : Du lundi au samedi de 8h30 \u00e0 20hSur rendez-vous uniquementAdresse du cabinetNouvelle adresse depuis le 1er f\u00e9vrier :16, rue Gambetta31330 GRENADE Je peux \u00e9galement me d\u00e9placer \u00e0 domicile<\/p>\n","protected":false},"author":1,"featured_media":0,"parent":0,"menu_order":0,"comment_status":"closed","ping_status":"closed","template":"","meta":{"footnotes":""},"class_list":["post-49","page","type-page","status-publish","hentry"],"_links":{"self":[{"href":"https:\/\/medecinetraditionnelle-toulouse.fr\/index.php\/wp-json\/wp\/v2\/pages\/49","targetHints":{"allow":["GET"]}}],"collection":[{"href":"https:\/\/medecinetraditionnelle-toulouse.fr\/index.php\/wp-json\/wp\/v2\/pages"}],"about":[{"href":"https:\/\/medecinetraditionnelle-toulouse.fr\/index.php\/wp-json\/wp\/v2\/types\/page"}],"author":[{"embeddable":true,"href":"https:\/\/medecinetraditionnelle-toulouse.fr\/index.php\/wp-json\/wp\/v2\/users\/1"}],"replies":[{"embeddable":true,"href":"https:\/\/medecinetraditionnelle-toulouse.fr\/index.php\/wp-json\/wp\/v2\/comments?post=49"}],"version-history":[{"count":7,"href":"https:\/\/medecinetraditionnelle-toulouse.fr\/index.php\/wp-json\/wp\/v2\/pages\/49\/revisions"}],"predecessor-version":[{"id":265,"href":"https:\/\/medecinetraditionnelle-toulouse.fr\/index.php\/wp-json\/wp\/v2\/pages\/49\/revisions\/265"}],"wp:attachment":[{"href":"https:\/\/medecinetraditionnelle-toulouse.fr\/index.php\/wp-json\/wp\/v2\/media?parent=49"}],"curies":[{"name":"wp","href":"https:\/\/api.w.org\/{rel}","templated":true}]}}