{"id":51,"date":"2020-10-01T10:11:50","date_gmt":"2020-10-01T08:11:50","guid":{"rendered":"http:\/\/medecinetraditionnelle-toulouse.fr\/?page_id=51"},"modified":"2026-02-23T17:56:56","modified_gmt":"2026-02-23T16:56:56","slug":"tarifs","status":"publish","type":"page","link":"https:\/\/medecinetraditionnelle-toulouse.fr\/index.php\/tarifs\/","title":{"rendered":"Tarifs"},"content":{"rendered":"\n<p class=\"has-vivid-green-cyan-color has-text-color has-link-color wp-elements-37f2a0c8863cc31749a95ef882cbd845\"><em><strong>BULLE D\u00c9COUVERTE\u00a0:\u00a0 <\/strong><\/em><\/p>\n\n\n\n<p class=\"has-black-color has-text-color has-link-color wp-elements-ae87f96c686232bc0d8bf9e98545354a\"><em>Bilan \u00e9nerg\u00e9tique<\/em><\/p>\n\n\n\n<p><em>Soin \u00e9nerg\u00e9tique \/ Acupuncture<\/em><\/p>\n\n\n\n<p><em>1 heure\u00a0 \/ 70 euros<\/em><\/p>\n\n\n\n<p class=\"has-vivid-green-cyan-color has-text-color has-link-color wp-elements-4b19f4314bec39a02800983b8706eb08\"><em><strong>BULLE VERTE\u00a0 :\u00a0 \u00a0<\/strong><\/em><\/p>\n\n\n\n<p class=\"has-black-color has-text-color has-link-color wp-elements-ae87f96c686232bc0d8bf9e98545354a\"><em>Bilan \u00e9nerg\u00e9tique<\/em><\/p>\n\n\n\n<p><em>Soin \u00e9nerg\u00e9tique \/ Acupuncture<\/em><\/p>\n\n\n\n<p><em>Conseil personnalis\u00e9 en Herboristerie<\/em><\/p>\n\n\n\n<p><em>1h30\u00a0 \/ 90 euros\u00a0\u00a0<\/em><\/p>\n\n\n\n<p class=\"has-vivid-green-cyan-color has-text-color has-link-color wp-elements-126d1e05fae5aec739720bda53a52c3e\"><em><strong>BULLE UNI VERS SOI :<\/strong><\/em><\/p>\n\n\n\n<p class=\"has-black-color has-text-color has-link-color wp-elements-68105bad6a9a566f2182d2edb913f4dd\"><em>Bilan \u00e9nerg\u00e9tique\u00a0<\/em><\/p>\n\n\n\n<p><em>Soin \u00e9nerg\u00e9tique \/ Acupuncture<\/em><\/p>\n\n\n\n<p><em>Analyse holistique du &#8220;soi&#8221;\u00a0<\/em><\/p>\n\n\n\n<p><em>Conseils personnalis\u00e9s Herboristerie \/ Micro nutrition \/ Hygi\u00e8ne de vie<\/em><\/p>\n\n\n\n<p><em>D\u00e9couverte Tisane &#8221; magie des plantes&#8221;\u00a0<\/em><\/p>\n\n\n\n<p><em>2h00\u00a0 \/ 120 euros<\/em><\/p>\n\n\n\n<p class=\"has-vivid-green-cyan-color has-text-color has-link-color wp-elements-bff9c3ce6520697d5e6d6dff0b8fd4de\"><strong><em>BULLE FLASH\u00a0<\/em>:<em>\u00a0<\/em><\/strong><\/p>\n\n\n\n<p><em>Massage lib\u00e9ration des tensions<\/em><\/p>\n\n\n\n<p><em>Ventouses<\/em><\/p>\n\n\n\n<p><em>45 minutes \/ 50 euros<\/em><\/p>\n\n\n\n<p class=\"has-vivid-green-cyan-color has-text-color has-link-color wp-elements-78693b7e212f25d456f7a538e1e7cf70\"><em><strong>BULLE S\u00c9R\u00c9NIT\u00c9\u00a0: <\/strong><\/em><\/p>\n\n\n\n<p><em>Bilan \u00e9nerg\u00e9tique<\/em><\/p>\n\n\n\n<p><em>Soin \u00e9nerg\u00e9tique \/ Acupuncture<\/em><\/p>\n\n\n\n<p><em>Massage intuitif ( combin\u00e9 de diff\u00e9rentes techniques en r\u00e9ponse au bilan )<\/em><\/p>\n\n\n\n<p><em>1h30\u00a0 \/ 90 euros<\/em><\/p>\n\n\n\n<p class=\"has-vivid-green-cyan-color has-text-color has-link-color wp-elements-a63247841e902b7563876d40ba04f5de\"><em><strong>ACCOMPAGNEMENT- EQUILIBRAGE :\u00a0 \u00a0 <\/strong><\/em><\/p>\n\n\n\n<p><em>Suivi de 5 s\u00e9ances post traitement tous les 15 jours\u00a0<\/em><\/p>\n\n\n\n<p><em>Bilan \u00e9nerg\u00e9tique<\/em><\/p>\n\n\n\n<p><em>Soin \u00e9nerg\u00e9tique \/ Acupuncture<\/em><\/p>\n\n\n\n<p><em>45 minutes par s\u00e9ances\u00a0<\/em><\/p>\n\n\n\n<p><em>200 euros ( soit 40 euros par s\u00e9ance)<\/em><\/p>\n\n\n\n<p class=\"has-vivid-green-cyan-color has-text-color has-link-color wp-elements-4e5ced7d38af8408f3e84085149fd541\"><em><strong>Instant Douceur D\u00e9couverte\u00a0 :\u00a0 <\/strong><\/em><\/p>\n\n\n\n<p><em>Massage intuitif<\/em><\/p>\n\n\n\n<p><em>Tisane &#8221; clart\u00e9 d&#8217;esprit &#8221; ou du moment\u00a0 ( de conception artisanale).<\/em><\/p>\n\n\n\n<p><em>30 minutes \/ 40 euros<\/em><\/p>\n\n\n\n<p class=\"has-vivid-green-cyan-color has-text-color has-link-color wp-elements-7311e3fc1b6a29211d8c29e1883bdfe5\"><em><strong>Instant Douceur Bien \u00eatre :\u00a0 \u00a0<\/strong><\/em><\/p>\n\n\n\n<p><em>Massage intuitif<\/em><\/p>\n\n\n\n<p><em>Tisane &#8220;magie des plantes&#8221; ( de conception artisanale ) .<\/em><\/p>\n\n\n\n<p><em>1H00\u00a0 \/ 70 euros\u00a0<\/em><\/p>\n\n\n\n<p class=\"has-vivid-green-cyan-color has-text-color has-link-color wp-elements-824af52b67f8f22837f59311d92a8325\"><em><strong>Instant Beaut\u00e9 Visage :\u00a0 <\/strong><\/em><\/p>\n\n\n\n<p><em>Bilan \u00e9nerg\u00e9tique<\/em><\/p>\n\n\n\n<p><em>Tuina<\/em><\/p>\n\n\n\n<p><em>Acupuncture\u00a0<\/em><\/p>\n\n\n\n<p><em>Conseils\u00a0 \/ Hygi\u00e8ne de Vie<\/em><\/p>\n\n\n\n<p><em>1h30\u00a0 \/ 90 euros<\/em><\/p>\n\n\n\n<p class=\"has-vivid-green-cyan-color has-text-color has-link-color wp-elements-7618b782e80729840c9732900cb0933f\"><em><strong>Instant Beaut\u00e9 Corps\u00a0 : <\/strong><\/em><\/p>\n\n\n\n<p><em>Bilan \u00e9nerg\u00e9tique<\/em><\/p>\n\n\n\n<p><em>Tuina<\/em><\/p>\n\n\n\n<p><em>Acupuncture<\/em><\/p>\n\n\n\n<p><em>Conseils \/ Hygi\u00e8ne de vie<\/em><\/p>\n\n\n\n<p><em>1h30 \/ 90 euros<\/em><\/p>\n\n\n\n<p><\/p>\n\n\n\n<p><em>Tarifs Enfants jusqu&#8217;\u00e0 12 ans : 50 euros<\/em><\/p>\n\n\n\n<p><em>Visite \u00e0 Domicile 1h00 \/ 70 euros<\/em><\/p>\n\n\n\n<p><br><em>Possibilit\u00e9 de prise en charge des s\u00e9ances. <strong>Pensez \u00e0 vous renseigner aupr\u00e8s de votre mutuelle.<\/strong><\/em><\/p>\n","protected":false},"excerpt":{"rendered":"<p>BULLE D\u00c9COUVERTE\u00a0:\u00a0 Bilan \u00e9nerg\u00e9tique Soin \u00e9nerg\u00e9tique \/ Acupuncture 1 heure\u00a0 \/ 70 euros BULLE VERTE\u00a0 :\u00a0 \u00a0 Bilan \u00e9nerg\u00e9tique Soin \u00e9nerg\u00e9tique \/ Acupuncture Conseil personnalis\u00e9 en Herboristerie 1h30\u00a0 \/ 90 euros\u00a0\u00a0 BULLE UNI VERS SOI : Bilan \u00e9nerg\u00e9tique\u00a0 Soin \u00e9nerg\u00e9tique<\/p>\n","protected":false},"author":1,"featured_media":0,"parent":0,"menu_order":0,"comment_status":"closed","ping_status":"closed","template":"","meta":{"footnotes":""},"class_list":["post-51","page","type-page","status-publish","hentry"],"_links":{"self":[{"href":"https:\/\/medecinetraditionnelle-toulouse.fr\/index.php\/wp-json\/wp\/v2\/pages\/51","targetHints":{"allow":["GET"]}}],"collection":[{"href":"https:\/\/medecinetraditionnelle-toulouse.fr\/index.php\/wp-json\/wp\/v2\/pages"}],"about":[{"href":"https:\/\/medecinetraditionnelle-toulouse.fr\/index.php\/wp-json\/wp\/v2\/types\/page"}],"author":[{"embeddable":true,"href":"https:\/\/medecinetraditionnelle-toulouse.fr\/index.php\/wp-json\/wp\/v2\/users\/1"}],"replies":[{"embeddable":true,"href":"https:\/\/medecinetraditionnelle-toulouse.fr\/index.php\/wp-json\/wp\/v2\/comments?post=51"}],"version-history":[{"count":14,"href":"https:\/\/medecinetraditionnelle-toulouse.fr\/index.php\/wp-json\/wp\/v2\/pages\/51\/revisions"}],"predecessor-version":[{"id":302,"href":"https:\/\/medecinetraditionnelle-toulouse.fr\/index.php\/wp-json\/wp\/v2\/pages\/51\/revisions\/302"}],"wp:attachment":[{"href":"https:\/\/medecinetraditionnelle-toulouse.fr\/index.php\/wp-json\/wp\/v2\/media?parent=51"}],"curies":[{"name":"wp","href":"https:\/\/api.w.org\/{rel}","templated":true}]}}