{"id":53,"date":"2020-10-01T10:20:33","date_gmt":"2020-10-01T08:20:33","guid":{"rendered":"http:\/\/medecinetraditionnelle-toulouse.fr\/?page_id=53"},"modified":"2020-10-08T11:20:00","modified_gmt":"2020-10-08T09:20:00","slug":"vos-temoignages","status":"publish","type":"page","link":"https:\/\/medecinetraditionnelle-toulouse.fr\/index.php\/vos-temoignages\/","title":{"rendered":"Vos t\u00e9moignages"},"content":{"rendered":"\n<blockquote class=\"wp-block-quote is-layout-flow wp-block-quote-is-layout-flow\"><p><span style=\"color:#27cda5\" class=\"has-inline-color\">Un grand merci, depuis notre rencontre je me sens beaucoup mieux, plus de vertiges ni de crampes et un bien \u00eatre que j\u2019ai retrouv\u00e9 d\u00e8s la deuxi\u00e8me s\u00e9ance<\/span><br><strong>Josie<\/strong><\/p><\/blockquote>\n\n\n\n<blockquote class=\"wp-block-quote is-layout-flow wp-block-quote-is-layout-flow\"><p><span style=\"color:#27cda5\" class=\"has-inline-color\">Il suffit de quelques aiguilles et le corps et l\u2019esprit s\u2019en trouvent chang\u00e9s<\/span><br><strong>Henri<\/strong><\/p><\/blockquote>\n\n\n\n<blockquote class=\"wp-block-quote is-layout-flow wp-block-quote-is-layout-flow\"><p><span style=\"color:#27cda5\" class=\"has-inline-color\">Des aiguilles bien plac\u00e9es et hop plus de sinusite et surtout cela m\u2019a aid\u00e9 \u00e0 moins manger.<br>On continue\u2026<\/span><br><strong>Alain<\/strong><\/p><\/blockquote>\n\n\n\n<blockquote class=\"wp-block-quote is-layout-flow wp-block-quote-is-layout-flow\"><p><span style=\"color:#27cda5\" class=\"has-inline-color\">Apr\u00e8s plus de 30 ans de migraine et apr\u00e8s avoir tout essay\u00e9, j\u2019ai d\u00e9couvert l\u2019acupuncture.<br>Et enfin je d\u00e9couvre le r\u00e9pit, le repos\u2026<br>Merci St\u00e9phanie <\/span><br><strong>Yacine<\/strong><\/p><\/blockquote>\n\n\n\n<blockquote class=\"wp-block-quote is-layout-flow wp-block-quote-is-layout-flow\"><p><span style=\"color:#27cda5\" class=\"has-inline-color\">\u201cMagique\u201d le premier et seul mot qui me soit venu \u00e0 l\u2019esprit en exprimant les bienfaits ! Merci pour l\u2019\u00e9coute de St\u00e9phanie, \u00e0 la base certainement de ce mieux \u00eatre, elle \u00e9coute pour soigner !! Je recommande vivement ! Merci <\/span><br><strong>S\u00e9verine<\/strong><\/p><\/blockquote>\n\n\n\n<blockquote class=\"wp-block-quote is-layout-flow wp-block-quote-is-layout-flow\"><p><span style=\"color:#27cda5\" class=\"has-inline-color\">Pour vos bouff\u00e9es de chaleur !! Mesdames n\u2019oubliez pas St\u00e9phanie\u2026 Deux s\u00e9ances et je me retrouve mieux.<br>Alors sans h\u00e9siter je vous conseille de venir. <\/span><br><strong>Marie<\/strong><\/p><\/blockquote>\n\n\n\n<blockquote class=\"wp-block-quote is-layout-flow wp-block-quote-is-layout-flow\"><p><span style=\"color:#27cda5\" class=\"has-inline-color\">Les premiers remerciements sur ce cahier et beaucoup d\u2019autres \u00e0 venir j\u2019en suis s\u00fbre ! D\u00e8s la premi\u00e8re s\u00e9ance les r\u00e9sultats ne se sont pas faits attendre. Gr\u00e2ce \u00e0 vous ma fille est sortie d\u2019un ecz\u00e9ma qui lui g\u00e2chait la vie. Alors un grand MERCI.<\/span><br><strong>Florence<\/strong><\/p><\/blockquote>\n","protected":false},"excerpt":{"rendered":"<p>Un grand merci, depuis notre rencontre je me sens beaucoup mieux, plus de vertiges ni de crampes et un bien \u00eatre que j\u2019ai retrouv\u00e9 d\u00e8s la deuxi\u00e8me s\u00e9anceJosie Il suffit de quelques aiguilles et le corps et l\u2019esprit s\u2019en trouvent<\/p>\n","protected":false},"author":1,"featured_media":0,"parent":0,"menu_order":0,"comment_status":"closed","ping_status":"closed","template":"","meta":{"footnotes":""},"class_list":["post-53","page","type-page","status-publish","hentry"],"_links":{"self":[{"href":"https:\/\/medecinetraditionnelle-toulouse.fr\/index.php\/wp-json\/wp\/v2\/pages\/53","targetHints":{"allow":["GET"]}}],"collection":[{"href":"https:\/\/medecinetraditionnelle-toulouse.fr\/index.php\/wp-json\/wp\/v2\/pages"}],"about":[{"href":"https:\/\/medecinetraditionnelle-toulouse.fr\/index.php\/wp-json\/wp\/v2\/types\/page"}],"author":[{"embeddable":true,"href":"https:\/\/medecinetraditionnelle-toulouse.fr\/index.php\/wp-json\/wp\/v2\/users\/1"}],"replies":[{"embeddable":true,"href":"https:\/\/medecinetraditionnelle-toulouse.fr\/index.php\/wp-json\/wp\/v2\/comments?post=53"}],"version-history":[{"count":4,"href":"https:\/\/medecinetraditionnelle-toulouse.fr\/index.php\/wp-json\/wp\/v2\/pages\/53\/revisions"}],"predecessor-version":[{"id":173,"href":"https:\/\/medecinetraditionnelle-toulouse.fr\/index.php\/wp-json\/wp\/v2\/pages\/53\/revisions\/173"}],"wp:attachment":[{"href":"https:\/\/medecinetraditionnelle-toulouse.fr\/index.php\/wp-json\/wp\/v2\/media?parent=53"}],"curies":[{"name":"wp","href":"https:\/\/api.w.org\/{rel}","templated":true}]}}