{"id":61,"date":"2020-10-01T10:29:19","date_gmt":"2020-10-01T08:29:19","guid":{"rendered":"http:\/\/medecinetraditionnelle-toulouse.fr\/?page_id=61"},"modified":"2026-02-20T21:27:02","modified_gmt":"2026-02-20T20:27:02","slug":"sante","status":"publish","type":"page","link":"https:\/\/medecinetraditionnelle-toulouse.fr\/index.php\/sante\/","title":{"rendered":"Sant\u00e9"},"content":{"rendered":"\n<figure class=\"wp-block-image size-large\"><img loading=\"lazy\" decoding=\"async\" width=\"424\" height=\"283\" src=\"https:\/\/medecinetraditionnelle-toulouse.fr\/wp-content\/uploads\/2020\/10\/acupuncture.jpg\" alt=\"\" class=\"wp-image-158\" srcset=\"https:\/\/medecinetraditionnelle-toulouse.fr\/wp-content\/uploads\/2020\/10\/acupuncture.jpg 424w, https:\/\/medecinetraditionnelle-toulouse.fr\/wp-content\/uploads\/2020\/10\/acupuncture-300x200.jpg 300w\" sizes=\"auto, (max-width: 424px) 100vw, 424px\" \/><figcaption class=\"wp-element-caption\">La praticienne positionne des aiguilles st\u00e9riles sur le pavillon de l&#8217;oreille<\/figcaption><\/figure>\n\n\n\n<blockquote class=\"wp-block-quote is-layout-flow wp-block-quote-is-layout-flow\">\n<p><span style=\"color:#27cda5\" class=\"has-inline-color\"><strong>Retrouvez votre \u00e9nergie vitale<\/strong><\/span><\/p>\n<\/blockquote>\n\n\n\n<p><strong>Chaque \u00eatre vivant est anim\u00e9 par le QI, \u00e9nergie vitale qui circule dans le corps suivant des r\u00e9seaux appel\u00e9s \u201cm\u00e9ridiens\u201d. Pour \u00eatre en bonne sant\u00e9, la circulation du QI doit \u00eatre libre.<\/strong><br><strong>Les \u00e9motions, les traumatismes, une mauvaise alimentation, l\u2019adaptation aux climats,\u2026 engendrent la maladie.<\/strong><\/p>\n\n\n\n<p><strong>Le travail du praticien consiste donc \u00e0 r\u00e9tablir une circulation correcte dans les m\u00e9ridiens.<br><\/strong><br>Les affections les plus courantes tels que la nervosit\u00e9, les troubles du sommeil, circulatoires, digestifs, ost\u00e9o-articulaires, rhumatologiques, gyn\u00e9cologiques, syst\u00e8me reproducteur et suivi de grossesse, urinaires ainsi que les maux de t\u00eate, ventre, dos, sevrage tabagique et autres addictions peuvent \u00eatre trait\u00e9es.<\/p>\n\n\n\n<p>On peut observer une nette am\u00e9lioration lors de la premi\u00e8re s\u00e9ance.<br>En fonction du trouble \u00e0 traiter et afin d\u2019obtenir un r\u00e9\u00e9quilibrage durable sur le long terme, pr\u00e9voir une moyenne de 3 \u00e0 5 s\u00e9ances.<\/p>\n\n\n\n<p>C\u2019est pourquoi tous les troubles peuvent \u00eatre trait\u00e9s par la M\u00e9decine Traditionnelle Chinoise, n\u2019excluant pas une visite chez son m\u00e9decin g\u00e9n\u00e9raliste.<\/p>\n\n\n\n<p>Techniques utilis\u00e9es lors des s\u00e9ances :<\/p>\n\n\n\n<p>-Acupuncture<br>-Acupressure<br>-Auriculoth\u00e9rapie<br>-Tuina<br>-Moxas<br>-Ventouses<\/p>\n\n\n\n<p><strong><a href=\"https:\/\/medecinetraditionnelle-toulouse.fr\/index.php\/beaute\/\" data-type=\"page\" data-id=\"63\">La m\u00e9decine traditionnelle Chinoise c\u2019est aussi la Beaut\u00e9 du visage et du corps.<\/a><\/strong><\/p>\n\n\n\n<p><a href=\"https:\/\/medecinetraditionnelle-toulouse.fr\/\" data-type=\"page\" data-id=\"65\"><strong>En savoir davantage sur la M\u00e9decine Traditionnelle Chinoise.<\/strong><a rel=\"noreferrer noopener\" href=\"https:\/\/www.medecinetraditionnelle-toulouse.fr\/wp-content\/uploads\/2015\/07\/Ear-Acupuncture-6001463.jpg\" target=\"_blank\"><\/a><\/a><\/p>\n\n\n\n<figure class=\"wp-block-image size-large\"><img loading=\"lazy\" decoding=\"async\" width=\"424\" height=\"283\" src=\"https:\/\/medecinetraditionnelle-toulouse.fr\/wp-content\/uploads\/2020\/10\/Fotolia_38395337_XS1.jpg\" alt=\"\" class=\"wp-image-156\" srcset=\"https:\/\/medecinetraditionnelle-toulouse.fr\/wp-content\/uploads\/2020\/10\/Fotolia_38395337_XS1.jpg 424w, https:\/\/medecinetraditionnelle-toulouse.fr\/wp-content\/uploads\/2020\/10\/Fotolia_38395337_XS1-300x200.jpg 300w\" sizes=\"auto, (max-width: 424px) 100vw, 424px\" \/><figcaption class=\"wp-element-caption\">Moxa \u00e0 base d&#8217;armoise s\u00e9ch\u00e9e puis broy\u00e9e<\/figcaption><\/figure>\n\n\n\n<p><\/p>\n","protected":false},"excerpt":{"rendered":"<p>Retrouvez votre \u00e9nergie vitale Chaque \u00eatre vivant est anim\u00e9 par le QI, \u00e9nergie vitale qui circule dans le corps suivant des r\u00e9seaux appel\u00e9s \u201cm\u00e9ridiens\u201d. Pour \u00eatre en bonne sant\u00e9, la circulation du QI doit \u00eatre libre.Les \u00e9motions, les traumatismes, une<\/p>\n","protected":false},"author":1,"featured_media":0,"parent":0,"menu_order":0,"comment_status":"closed","ping_status":"closed","template":"","meta":{"footnotes":""},"class_list":["post-61","page","type-page","status-publish","hentry"],"_links":{"self":[{"href":"https:\/\/medecinetraditionnelle-toulouse.fr\/index.php\/wp-json\/wp\/v2\/pages\/61","targetHints":{"allow":["GET"]}}],"collection":[{"href":"https:\/\/medecinetraditionnelle-toulouse.fr\/index.php\/wp-json\/wp\/v2\/pages"}],"about":[{"href":"https:\/\/medecinetraditionnelle-toulouse.fr\/index.php\/wp-json\/wp\/v2\/types\/page"}],"author":[{"embeddable":true,"href":"https:\/\/medecinetraditionnelle-toulouse.fr\/index.php\/wp-json\/wp\/v2\/users\/1"}],"replies":[{"embeddable":true,"href":"https:\/\/medecinetraditionnelle-toulouse.fr\/index.php\/wp-json\/wp\/v2\/comments?post=61"}],"version-history":[{"count":8,"href":"https:\/\/medecinetraditionnelle-toulouse.fr\/index.php\/wp-json\/wp\/v2\/pages\/61\/revisions"}],"predecessor-version":[{"id":273,"href":"https:\/\/medecinetraditionnelle-toulouse.fr\/index.php\/wp-json\/wp\/v2\/pages\/61\/revisions\/273"}],"wp:attachment":[{"href":"https:\/\/medecinetraditionnelle-toulouse.fr\/index.php\/wp-json\/wp\/v2\/media?parent=61"}],"curies":[{"name":"wp","href":"https:\/\/api.w.org\/{rel}","templated":true}]}}