{"id":79,"date":"2020-10-01T10:46:09","date_gmt":"2020-10-01T08:46:09","guid":{"rendered":"http:\/\/medecinetraditionnelle-toulouse.fr\/?page_id=79"},"modified":"2026-03-11T19:19:28","modified_gmt":"2026-03-11T18:19:28","slug":"mentions-legales","status":"publish","type":"page","link":"https:\/\/medecinetraditionnelle-toulouse.fr\/index.php\/mentions-legales\/","title":{"rendered":"Mentions l\u00e9gales"},"content":{"rendered":"\n<p><br>Directrice de la publication<br><strong>MORO St\u00e9phanie<\/strong><br><strong>16 rue Gambetta<br>31330 GRENADE<\/strong><\/p>\n\n\n\n<p><a rel=\"noreferrer noopener\" href=\"mailto:stephaniemoro.mtc@gmail.com\" target=\"_blank\">stephaniemoro.mtc@gmail.com<\/a><br>06 59 85 17 76<\/p>\n\n\n\n<p>H\u00e9bergeur du site<br>OVH<br>2 rue Kellermann<br>59100 Roubaix<br>France<\/p>\n\n\n\n<p>Cr\u00e9dits photos<br>Diaporama acupuncture : Photo de <strong><a href=\"https:\/\/www.pexels.com\/fr-fr\/@alma-thai-2813201?utm_content=attributionCopyText&amp;utm_medium=referral&amp;utm_source=pexels\">Alma Thai<\/a><\/strong> provenant de <strong><a href=\"https:\/\/www.pexels.com\/fr-fr\/photo\/femme-detente-jeune-fille-luxe-4353249\/?utm_content=attributionCopyText&amp;utm_medium=referral&amp;utm_source=pexels\">Pexels<\/a><\/strong><br>Diaporama modelage cr\u00e2nien : Photo de <strong><a href=\"https:\/\/www.pexels.com\/fr-fr\/@karolina-grabowska?utm_content=attributionCopyText&amp;utm_medium=referral&amp;utm_source=pexels\">Karolina Grabowska<\/a><\/strong> provenant de <strong><a href=\"https:\/\/www.pexels.com\/fr-fr\/photo\/femme-bureau-mur-sans-visage-4506105\/?utm_content=attributionCopyText&amp;utm_medium=referral&amp;utm_source=pexels\">Pexels<\/a><\/strong><br>Diaporama aromath\u00e9rapie : Photo de <strong><a href=\"https:\/\/www.pexels.com\/fr-fr\/@karolina-grabowska?utm_content=attributionCopyText&amp;utm_medium=referral&amp;utm_source=pexels\">Karolina Grabowska<\/a><\/strong> provenant de <strong><a href=\"https:\/\/www.pexels.com\/fr-fr\/photo\/assiette-fleur-en-bois-nettoyer-4041392\/?utm_content=attributionCopyText&amp;utm_medium=referral&amp;utm_source=pexels\">Pexels<\/a><\/strong><br>Massage : Photo de <strong><a href=\"https:\/\/www.pexels.com\/fr-fr\/@olly?utm_content=attributionCopyText&amp;utm_medium=referral&amp;utm_source=pexels\">Andrea Piacquadio<\/a><\/strong> provenant de <strong><a href=\"https:\/\/www.pexels.com\/fr-fr\/photo\/aube-femme-detente-relaxation-3757952\/?utm_content=attributionCopyText&amp;utm_medium=referral&amp;utm_source=pexels\">Pexels<\/a><\/strong><br>Ic\u00f4ne la praticienne : Photo de <strong><a href=\"https:\/\/www.pexels.com\/fr-fr\/@diego-madrigal-162471?utm_content=attributionCopyText&amp;utm_medium=referral&amp;utm_source=pexels\">Diego Madrigal<\/a><\/strong> provenant de <strong><a href=\"https:\/\/www.pexels.com\/fr-fr\/photo\/aquatique-bassin-billard-dynamique-539694\/?utm_content=attributionCopyText&amp;utm_medium=referral&amp;utm_source=pexels\">Pexels<\/a><\/strong><br>Ic\u00f4ne vos t\u00e9moignages : Photo de <strong><a href=\"https:\/\/www.pexels.com\/fr-fr\/@nandhukumar?utm_content=attributionCopyText&amp;utm_medium=referral&amp;utm_source=pexels\">Nandhu Kumar<\/a><\/strong> provenant de <strong><a href=\"https:\/\/www.pexels.com\/fr-fr\/photo\/brouiller-caillou-calme-creatif-312839\/?utm_content=attributionCopyText&amp;utm_medium=referral&amp;utm_source=pexels\">Pexels<\/a><\/strong><\/p>\n","protected":false},"excerpt":{"rendered":"<p>Directrice de la publicationMORO St\u00e9phanie16 rue Gambetta31330 GRENADE stephaniemoro.mtc@gmail.com06 59 85 17 76 H\u00e9bergeur du siteOVH2 rue Kellermann59100 RoubaixFrance Cr\u00e9dits photosDiaporama acupuncture : Photo de Alma Thai provenant de PexelsDiaporama modelage cr\u00e2nien : Photo de Karolina Grabowska provenant de PexelsDiaporama<\/p>\n","protected":false},"author":1,"featured_media":0,"parent":0,"menu_order":0,"comment_status":"closed","ping_status":"closed","template":"","meta":{"footnotes":""},"class_list":["post-79","page","type-page","status-publish","hentry"],"_links":{"self":[{"href":"https:\/\/medecinetraditionnelle-toulouse.fr\/index.php\/wp-json\/wp\/v2\/pages\/79","targetHints":{"allow":["GET"]}}],"collection":[{"href":"https:\/\/medecinetraditionnelle-toulouse.fr\/index.php\/wp-json\/wp\/v2\/pages"}],"about":[{"href":"https:\/\/medecinetraditionnelle-toulouse.fr\/index.php\/wp-json\/wp\/v2\/types\/page"}],"author":[{"embeddable":true,"href":"https:\/\/medecinetraditionnelle-toulouse.fr\/index.php\/wp-json\/wp\/v2\/users\/1"}],"replies":[{"embeddable":true,"href":"https:\/\/medecinetraditionnelle-toulouse.fr\/index.php\/wp-json\/wp\/v2\/comments?post=79"}],"version-history":[{"count":10,"href":"https:\/\/medecinetraditionnelle-toulouse.fr\/index.php\/wp-json\/wp\/v2\/pages\/79\/revisions"}],"predecessor-version":[{"id":304,"href":"https:\/\/medecinetraditionnelle-toulouse.fr\/index.php\/wp-json\/wp\/v2\/pages\/79\/revisions\/304"}],"wp:attachment":[{"href":"https:\/\/medecinetraditionnelle-toulouse.fr\/index.php\/wp-json\/wp\/v2\/media?parent=79"}],"curies":[{"name":"wp","href":"https:\/\/api.w.org\/{rel}","templated":true}]}}